{"id":701,"date":"2020-02-05T17:58:18","date_gmt":"2020-02-05T16:58:18","guid":{"rendered":"http:\/\/champdelaunay.com\/?page_id=701"},"modified":"2023-03-20T17:17:50","modified_gmt":"2023-03-20T16:17:50","slug":"le-verger","status":"publish","type":"page","link":"https:\/\/champdelaunay.com\/index.php\/le-verger\/","title":{"rendered":"Le verger"},"content":{"rendered":"<div class=\"wp-block-image\">\n<figure class=\"aligncenter size-large\"><img loading=\"lazy\" decoding=\"async\" width=\"1021\" height=\"160\" src=\"http:\/\/champdelaunay.com\/wp-content\/uploads\/2020\/02\/top-pressoir.jpg\" alt=\"Le verger\" class=\"wp-image-605\" srcset=\"https:\/\/champdelaunay.com\/wp-content\/uploads\/2020\/02\/top-pressoir.jpg 1021w, https:\/\/champdelaunay.com\/wp-content\/uploads\/2020\/02\/top-pressoir-300x47.jpg 300w, https:\/\/champdelaunay.com\/wp-content\/uploads\/2020\/02\/top-pressoir-768x120.jpg 768w\" sizes=\"auto, (max-width: 1021px) 100vw, 1021px\" \/><\/figure>\n<\/div>\n\n\n<div class=\"wp-block-columns is-layout-flex wp-container-core-columns-is-layout-9d6595d7 wp-block-columns-is-layout-flex\">\n<div class=\"wp-block-column is-layout-flow wp-block-column-is-layout-flow\">\n<h1 class=\"wp-block-heading\">Le verger<\/h1>\n\n\n\n<p>Notre verger, situ\u00e9 entre les 2 salles, est le lieu r\u00eav\u00e9 pour y installer une c\u00e9r\u00e9monie en ext\u00e9rieur autour de nos pommiers ou vous choisirez peut-\u00eatre la petite cour du manoir &#8230; <\/p>\n\n\n<div class=\"wp-block-image\">\n<figure class=\"aligncenter size-large\"><img loading=\"lazy\" decoding=\"async\" width=\"500\" height=\"108\" src=\"http:\/\/champdelaunay.com\/wp-content\/uploads\/2020\/02\/separation.png\" alt=\"Illustration\" class=\"wp-image-218\" srcset=\"https:\/\/champdelaunay.com\/wp-content\/uploads\/2020\/02\/separation.png 500w, https:\/\/champdelaunay.com\/wp-content\/uploads\/2020\/02\/separation-300x65.png 300w\" sizes=\"auto, (max-width: 500px) 100vw, 500px\" \/><\/figure>\n<\/div>\n\n\n<p>C\u2019est aussi un magnifique terrain de jeux pour les enfants \u2026et les adultes&nbsp;! Diverses animations sont les bienvenues&nbsp;: poneys, jeux en bois g\u00e9ants, p\u00e9tanques, chamboule-tout, \u2026<\/p>\n<\/div>\n\n\n\n<div class=\"wp-block-column is-layout-flow wp-block-column-is-layout-flow\"><style>#sp-wp-carousel-free-id-836.sp-wpcp-836 .wpcp-single-item {\n\t\tborder: 1px solid #155b30;\n\t}\n\t#sp-wp-carousel-free-id-836.sp-wpcp-836 .slick-prev,\n\t#sp-wp-carousel-free-id-836.sp-wpcp-836 .slick-next,\n\t#sp-wp-carousel-free-id-836.sp-wpcp-836 .slick-prev:hover,\n\t#sp-wp-carousel-free-id-836.sp-wpcp-836 .slick-next:hover {\n\t\tbackground: none;\n\t\tborder: none;\n\t\tfont-size: 30px;\n\t}\n\t#sp-wp-carousel-free-id-836.sp-wpcp-836 .slick-prev i,\n\t#sp-wp-carousel-free-id-836.sp-wpcp-836 .slick-next i {\n\t\tcolor: #155b30;\n\t}\n\t#sp-wp-carousel-free-id-836.sp-wpcp-836 .slick-prev i:hover,\n\t#sp-wp-carousel-free-id-836.sp-wpcp-836 .slick-next i:hover {\n\t\tcolor: #20b242;\n\t}\n\t#sp-wp-carousel-free-id-836.sp-wpcp-836 ul.slick-dots li button {\n\t\tbackground-color: #cccccc;\n\t}\n\t#sp-wp-carousel-free-id-836.sp-wpcp-836 ul.slick-dots li.slick-active button {\n\t\tbackground-color: #155b30;\n\t}\n\t\n\t\t.wpcp-carousel-wrapper.wpcp-wrapper-836{\n\t\t\tposition: relative;\n\t\t}\n\t\t#sp-wp-carousel-free-id-836{\n\t\t\topacity: 0;\n\t\t}\n\t\t#wpcp-preloader-836{\n\t\t\tposition: absolute;\n\t\t\tleft: 0;\n\t\t\ttop: 0;\n\t\t\theight: 100%;\n\t\t\twidth: 100%;\n\t\t\ttext-align: center;\n\t\t\tdisplay: flex;\n\t\t\talign-items: center;\n\t\t\tjustify-content: center;\n\t\t}\n\t\t\n\t@media screen and (max-width: 479px) {\n\t\t#sp-wp-carousel-free-id-836.nav-vertical-center {\n\t\t\tpadding: 0;\n\t\t}\n\t}<\/style><div class=\"wpcp-carousel-wrapper wpcp-wrapper-836\"><div id=\"wpcp-preloader-836\" class=\"wpcp-carousel-preloader\"><img decoding=\"async\" src=\" https:\/\/champdelaunay.com\/wp-content\/plugins\/wp-carousel-free\/public\/css\/ajax-loader.gif \"\/><\/div><div id=\"sp-wp-carousel-free-id-836\" class=\"wpcp-carousel-section sp-wpcp-836 nav-vertical-center wpcp-image-carousel wpcp-preloader wpcp-standard\" data-slick='{ \"accessibility\":true, \"arrows\":true, \"autoplay\":true, \"autoplaySpeed\":3000, \"dots\":true, \"infinite\":true, \"speed\":600, \"pauseOnHover\":true, \"slidesToShow\":1, \"responsive\":[ { \"breakpoint\":1200, \"settings\": { \"slidesToShow\":1 } }, { \"breakpoint\":980, \"settings\":{ \"slidesToShow\":1 } }, { \"breakpoint\":736, \"settings\": { \"slidesToShow\":1 } }, {\"breakpoint\":480, \"settings\":{ \"slidesToShow\":1, \"arrows\": false, \"dots\": true } } ], \"swipe\": true, \"swipeToSlide\": true, \"draggable\": true }'  dir=\"ltr\"><div class=\"wpcp-single-item\"><div class=\"wpcp-slide-image\"><img loading=\"lazy\" decoding=\"async\" src=\"https:\/\/champdelaunay.com\/wp-content\/uploads\/2020\/11\/90-768x512.jpg\" alt=\"90\" width=\"768\" height=\"512\"><\/div><\/div><div class=\"wpcp-single-item\"><div class=\"wpcp-slide-image\"><img loading=\"lazy\" decoding=\"async\" src=\"https:\/\/champdelaunay.com\/wp-content\/uploads\/2022\/06\/DJI_0261-1-768x432.jpg\" alt=\"DCIM100MEDIADJI_0261.JPG\" width=\"768\" height=\"432\"><\/div><\/div><div class=\"wpcp-single-item\"><div class=\"wpcp-slide-image\"><img loading=\"lazy\" decoding=\"async\" src=\"https:\/\/champdelaunay.com\/wp-content\/uploads\/2022\/06\/20210220-090420_3_104629-163741233951673-768x460.jpg\" alt=\"20210220-090420_3_104629-163741233951673\" width=\"768\" height=\"460\"><\/div><\/div><div class=\"wpcp-single-item\"><div class=\"wpcp-slide-image\"><img loading=\"lazy\" decoding=\"async\" src=\"https:\/\/champdelaunay.com\/wp-content\/uploads\/2020\/02\/016-768x576.jpg\" alt=\"016\" width=\"768\" height=\"576\"><\/div><\/div><div class=\"wpcp-single-item\"><div class=\"wpcp-slide-image\"><img loading=\"lazy\" decoding=\"async\" src=\"https:\/\/champdelaunay.com\/wp-content\/uploads\/2022\/06\/05-768x576.jpg\" alt=\"05\" width=\"768\" height=\"576\"><\/div><\/div><div class=\"wpcp-single-item\"><div class=\"wpcp-slide-image\"><img loading=\"lazy\" decoding=\"async\" src=\"https:\/\/champdelaunay.com\/wp-content\/uploads\/2022\/06\/14-2-768x576.jpg\" alt=\"14\" width=\"768\" height=\"576\"><\/div><\/div><div class=\"wpcp-single-item\"><div class=\"wpcp-slide-image\"><img loading=\"lazy\" decoding=\"async\" src=\"https:\/\/champdelaunay.com\/wp-content\/uploads\/2022\/06\/20210715_155256-768x576.jpg\" alt=\"20210715_155256\" width=\"768\" height=\"576\"><\/div><\/div><div class=\"wpcp-single-item\"><div class=\"wpcp-slide-image\"><img loading=\"lazy\" decoding=\"async\" src=\"https:\/\/champdelaunay.com\/wp-content\/uploads\/2022\/06\/020-768x576.jpg\" alt=\"020\" width=\"768\" height=\"576\"><\/div><\/div><div class=\"wpcp-single-item\"><div class=\"wpcp-slide-image\"><img loading=\"lazy\" decoding=\"async\" src=\"https:\/\/champdelaunay.com\/wp-content\/uploads\/2022\/06\/000023-768x576.jpg\" alt=\"000023\" width=\"768\" height=\"576\"><\/div><\/div><div class=\"wpcp-single-item\"><div class=\"wpcp-slide-image\"><img loading=\"lazy\" decoding=\"async\" src=\"https:\/\/champdelaunay.com\/wp-content\/uploads\/2022\/06\/20210924_182335-768x576.jpg\" alt=\"20210924_182335\" width=\"768\" height=\"576\"><\/div><\/div><div class=\"wpcp-single-item\"><div class=\"wpcp-slide-image\"><img loading=\"lazy\" decoding=\"async\" src=\"https:\/\/champdelaunay.com\/wp-content\/uploads\/2022\/06\/20210924_182234-768x576.jpg\" alt=\"20210924_182234\" width=\"768\" height=\"576\"><\/div><\/div><div class=\"wpcp-single-item\"><div class=\"wpcp-slide-image\"><img loading=\"lazy\" decoding=\"async\" src=\"https:\/\/champdelaunay.com\/wp-content\/uploads\/2022\/06\/20210902_191734-768x576.jpg\" alt=\"20210902_191734\" width=\"768\" height=\"576\"><\/div><\/div><\/div><\/div>\n<\/div>\n<\/div>\n\n\n\n<iframe loading=\"lazy\" id=\"visite\" title=\"Visite virtuelle\" src=\"\/visite\/panoramic.php?firstScene=verger\" style=\"padding:0;margin:0\" width=\"100%\" height=\"450px\">\n<\/iframe>\n","protected":false},"excerpt":{"rendered":"<p>Le verger Notre verger, situ\u00e9 entre les 2 salles, est le lieu r\u00eav\u00e9 pour y installer une c\u00e9r\u00e9monie en ext\u00e9rieur autour de nos pommiers ou vous choisirez peut-\u00eatre la petite cour du manoir &#8230; C\u2019est aussi un magnifique terrain de jeux pour les enfants \u2026et les adultes&nbsp;! Diverses animations sont les bienvenues&nbsp;: poneys, jeux en &#8230; <a title=\"Le verger\" class=\"read-more\" href=\"https:\/\/champdelaunay.com\/index.php\/le-verger\/\">Lire la suite <span class=\"screen-reader-text\">Le verger<\/span><\/a><\/p>\n","protected":false},"author":1,"featured_media":0,"parent":0,"menu_order":0,"comment_status":"closed","ping_status":"closed","template":"","meta":{"ngg_post_thumbnail":0,"footnotes":""},"class_list":["post-701","page","type-page","status-publish"],"_links":{"self":[{"href":"https:\/\/champdelaunay.com\/index.php\/wp-json\/wp\/v2\/pages\/701","targetHints":{"allow":["GET"]}}],"collection":[{"href":"https:\/\/champdelaunay.com\/index.php\/wp-json\/wp\/v2\/pages"}],"about":[{"href":"https:\/\/champdelaunay.com\/index.php\/wp-json\/wp\/v2\/types\/page"}],"author":[{"embeddable":true,"href":"https:\/\/champdelaunay.com\/index.php\/wp-json\/wp\/v2\/users\/1"}],"replies":[{"embeddable":true,"href":"https:\/\/champdelaunay.com\/index.php\/wp-json\/wp\/v2\/comments?post=701"}],"version-history":[{"count":15,"href":"https:\/\/champdelaunay.com\/index.php\/wp-json\/wp\/v2\/pages\/701\/revisions"}],"predecessor-version":[{"id":2253,"href":"https:\/\/champdelaunay.com\/index.php\/wp-json\/wp\/v2\/pages\/701\/revisions\/2253"}],"wp:attachment":[{"href":"https:\/\/champdelaunay.com\/index.php\/wp-json\/wp\/v2\/media?parent=701"}],"curies":[{"name":"wp","href":"https:\/\/api.w.org\/{rel}","templated":true}]}}