{"id":32,"date":"2020-01-23T17:46:08","date_gmt":"2020-01-23T16:46:08","guid":{"rendered":"http:\/\/champdelaunay.com\/?page_id=32"},"modified":"2024-06-01T11:54:39","modified_gmt":"2024-06-01T09:54:39","slug":"le-pressoir","status":"publish","type":"page","link":"https:\/\/champdelaunay.com\/index.php\/le-pressoir\/","title":{"rendered":"le Pressoir"},"content":{"rendered":"<div class=\"wp-block-image\">\n<figure class=\"aligncenter size-large\"><img loading=\"lazy\" decoding=\"async\" width=\"1018\" height=\"164\" src=\"https:\/\/champdelaunay.com\/wp-content\/uploads\/2021\/12\/grange.jpg\" alt=\"\" class=\"wp-image-1969\" srcset=\"https:\/\/champdelaunay.com\/wp-content\/uploads\/2021\/12\/grange.jpg 1018w, https:\/\/champdelaunay.com\/wp-content\/uploads\/2021\/12\/grange-300x48.jpg 300w, https:\/\/champdelaunay.com\/wp-content\/uploads\/2021\/12\/grange-768x124.jpg 768w\" sizes=\"auto, (max-width: 1018px) 100vw, 1018px\" \/><\/figure>\n<\/div>\n\n\n<div class=\"wp-block-columns is-layout-flex wp-container-core-columns-is-layout-9d6595d7 wp-block-columns-is-layout-flex\">\n<div class=\"wp-block-column is-layout-flow wp-block-column-is-layout-flow\">\n<h1 class=\"wp-block-heading\">Le Pressoir<\/h1>\n\n\n\n<p>      Pour accueillir, votre c\u00e9r\u00e9monie, votre vin d\u2019honneur, votre brunch, &#8230; \u00e0 quelques pommiers de <a href=\"http:\/\/champdelaunay.com\/index.php\/la-grange\/\">la Grange<\/a>, une seconde salle, dans <a href=\"http:\/\/champdelaunay.com\/index.php\/le-pressoir\/\">le Pressoir<\/a> et son charmant appentis en pierre, vous propose une ambiance plus intimiste &#8230;<\/p>\n\n\n\n<p>En cas de canicule ou de m\u00e9t\u00e9o pluvieuse, cette deuxi\u00e8me salle, vous offre plus de s\u00e9r\u00e9nit\u00e9 pour votre jour J. <\/p>\n\n\n\n<p>C&rsquo;est votre plan B !<\/p>\n\n\n\n<p>Cette espace peut devenir aussi en soir\u00e9e, un rep\u00e8re pour les enfants (d\u00eener, salle de jeux, karaok\u00e9, &#8230;).<\/p>\n\n\n\n<p><\/p>\n\n\n\n<p><br><br><br><\/p>\n\n\n<div class=\"wp-block-image\">\n<figure class=\"aligncenter size-large\"><img loading=\"lazy\" decoding=\"async\" width=\"500\" height=\"108\" src=\"http:\/\/champdelaunay.com\/wp-content\/uploads\/2020\/02\/separation.png\" alt=\"\" class=\"wp-image-218\" srcset=\"https:\/\/champdelaunay.com\/wp-content\/uploads\/2020\/02\/separation.png 500w, https:\/\/champdelaunay.com\/wp-content\/uploads\/2020\/02\/separation-300x65.png 300w\" sizes=\"auto, (max-width: 500px) 100vw, 500px\" \/><\/figure>\n<\/div><\/div>\n\n\n\n<div class=\"wp-block-column is-layout-flow wp-block-column-is-layout-flow\"><style>#sp-wp-carousel-free-id-825.sp-wpcp-825 .wpcp-single-item {\n\t\tborder: 1px solid #2d6000;\n\t}\n\t#sp-wp-carousel-free-id-825.sp-wpcp-825 .slick-prev,\n\t#sp-wp-carousel-free-id-825.sp-wpcp-825 .slick-next,\n\t#sp-wp-carousel-free-id-825.sp-wpcp-825 .slick-prev:hover,\n\t#sp-wp-carousel-free-id-825.sp-wpcp-825 .slick-next:hover {\n\t\tbackground: none;\n\t\tborder: none;\n\t\tfont-size: 30px;\n\t}\n\t#sp-wp-carousel-free-id-825.sp-wpcp-825 .slick-prev i,\n\t#sp-wp-carousel-free-id-825.sp-wpcp-825 .slick-next i {\n\t\tcolor: #2d6000;\n\t}\n\t#sp-wp-carousel-free-id-825.sp-wpcp-825 .slick-prev i:hover,\n\t#sp-wp-carousel-free-id-825.sp-wpcp-825 .slick-next i:hover {\n\t\tcolor: #20b242;\n\t}\n\t#sp-wp-carousel-free-id-825.sp-wpcp-825 ul.slick-dots li button {\n\t\tbackground-color: #cccccc;\n\t}\n\t#sp-wp-carousel-free-id-825.sp-wpcp-825 ul.slick-dots li.slick-active button {\n\t\tbackground-color: #214913;\n\t}\n\t\n\t\t.wpcp-carousel-wrapper.wpcp-wrapper-825{\n\t\t\tposition: relative;\n\t\t}\n\t\t#sp-wp-carousel-free-id-825{\n\t\t\topacity: 0;\n\t\t}\n\t\t#wpcp-preloader-825{\n\t\t\tposition: absolute;\n\t\t\tleft: 0;\n\t\t\ttop: 0;\n\t\t\theight: 100%;\n\t\t\twidth: 100%;\n\t\t\ttext-align: center;\n\t\t\tdisplay: flex;\n\t\t\talign-items: center;\n\t\t\tjustify-content: center;\n\t\t}\n\t\t\n\t@media screen and (max-width: 479px) {\n\t\t#sp-wp-carousel-free-id-825.nav-vertical-center {\n\t\t\tpadding: 0;\n\t\t}\n\t}<\/style><div class=\"wpcp-carousel-wrapper wpcp-wrapper-825\"><div id=\"wpcp-preloader-825\" class=\"wpcp-carousel-preloader\"><img decoding=\"async\" src=\" https:\/\/champdelaunay.com\/wp-content\/plugins\/wp-carousel-free\/public\/css\/ajax-loader.gif \"\/><\/div><div id=\"sp-wp-carousel-free-id-825\" class=\"wpcp-carousel-section sp-wpcp-825 nav-vertical-center wpcp-image-carousel wpcp-preloader wpcp-standard\" data-slick='{ \"accessibility\":true, \"arrows\":true, \"autoplay\":true, \"autoplaySpeed\":3000, \"dots\":true, \"infinite\":true, \"speed\":600, \"pauseOnHover\":true, \"slidesToShow\":1, \"responsive\":[ { \"breakpoint\":1200, \"settings\": { \"slidesToShow\":1 } }, { \"breakpoint\":980, \"settings\":{ \"slidesToShow\":1 } }, { \"breakpoint\":736, \"settings\": { \"slidesToShow\":1 } }, {\"breakpoint\":480, \"settings\":{ \"slidesToShow\":1, \"arrows\": false, \"dots\": true } } ], \"swipe\": true, \"swipeToSlide\": true, \"draggable\": true }'  dir=\"ltr\"><div class=\"wpcp-single-item\"><div class=\"wpcp-slide-image\"><img loading=\"lazy\" decoding=\"async\" src=\"https:\/\/champdelaunay.com\/wp-content\/uploads\/2022\/06\/10-768x576.jpg\" alt=\"10\" width=\"768\" height=\"576\"><\/div><\/div><div class=\"wpcp-single-item\"><div class=\"wpcp-slide-image\"><img loading=\"lazy\" decoding=\"async\" src=\"https:\/\/champdelaunay.com\/wp-content\/uploads\/2022\/06\/14-768x576.jpg\" alt=\"14\" width=\"768\" height=\"576\"><\/div><\/div><div class=\"wpcp-single-item\"><div class=\"wpcp-slide-image\"><img loading=\"lazy\" decoding=\"async\" src=\"https:\/\/champdelaunay.com\/wp-content\/uploads\/2022\/06\/19-768x576.jpg\" alt=\"19\" width=\"768\" height=\"576\"><\/div><\/div><div class=\"wpcp-single-item\"><div class=\"wpcp-slide-image\"><img loading=\"lazy\" decoding=\"async\" src=\"https:\/\/champdelaunay.com\/wp-content\/uploads\/2022\/06\/15-768x576.jpg\" alt=\"15\" width=\"768\" height=\"576\"><\/div><\/div><div class=\"wpcp-single-item\"><div class=\"wpcp-slide-image\"><img loading=\"lazy\" decoding=\"async\" src=\"https:\/\/champdelaunay.com\/wp-content\/uploads\/2020\/02\/30-768x576.jpg\" alt=\"30\" width=\"768\" height=\"576\"><\/div><\/div><div class=\"wpcp-single-item\"><div class=\"wpcp-slide-image\"><img loading=\"lazy\" decoding=\"async\" src=\"https:\/\/champdelaunay.com\/wp-content\/uploads\/2021\/12\/20210702_214534-768x576.jpg\" alt=\"20210702_214534\" width=\"768\" height=\"576\"><\/div><\/div><\/div><\/div>\n\n\n\n<h3 class=\"wp-block-heading\">Infos Pratiques<\/h3>\n\n\n\n<ul class=\"wp-block-list\">\n<li>150 pers. debout ou 95 assises<\/li>\n\n\n\n<li>Surface : 95 m\u00b2<\/li>\n\n\n\n<li>Appentis : 30 pers. debout suppl\u00e9mentaires<\/li>\n\n\n\n<li>Surface : 35 m\u00b2 <\/li>\n\n\n\n<li>Cuisine avec piano, lave-vaisselle, &#8230;<\/li>\n\n\n\n<li>Bloc sanitaire<\/li>\n\n\n\n<li>Accessible aux Pers. \u00e0 Mobilit\u00e9 R\u00e9duite<\/li>\n\n\n\n<li>2 places de parking PMR<\/li>\n<\/ul>\n\n\n\n<p><\/p>\n\n\n\n<ul class=\"wp-block-list\">\n<li>Mobilier d&rsquo;int\u00e9rieur (d\u00eener \/ soir\u00e9e) et d&rsquo;ext\u00e9rieur (vin d&rsquo;honneur \/ cocktail \/ c\u00e9r\u00e9monie la\u00efque) inclus<\/li>\n<\/ul>\n<\/div>\n<\/div>\n\n\n\n<p><\/p>\n\n\n\n<iframe loading=\"lazy\" id=\"visite\" title=\"Visite virtuelle\" src=\"\/visite\/panoramic.php?firstScene=pressoir\" style=\"padding:0;margin:0\" width=\"100%\" height=\"450px\">\n<\/iframe>\n","protected":false},"excerpt":{"rendered":"<p>Le Pressoir Pour accueillir, votre c\u00e9r\u00e9monie, votre vin d\u2019honneur, votre brunch, &#8230; \u00e0 quelques pommiers de la Grange, une seconde salle, dans le Pressoir et son charmant appentis en pierre, vous propose une ambiance plus intimiste &#8230; En cas de canicule ou de m\u00e9t\u00e9o pluvieuse, cette deuxi\u00e8me salle, vous offre plus de s\u00e9r\u00e9nit\u00e9 pour votre &#8230; <a title=\"le Pressoir\" class=\"read-more\" href=\"https:\/\/champdelaunay.com\/index.php\/le-pressoir\/\">Lire la suite <span class=\"screen-reader-text\">le Pressoir<\/span><\/a><\/p>\n","protected":false},"author":1,"featured_media":0,"parent":0,"menu_order":0,"comment_status":"closed","ping_status":"closed","template":"","meta":{"ngg_post_thumbnail":0,"footnotes":""},"class_list":["post-32","page","type-page","status-publish"],"_links":{"self":[{"href":"https:\/\/champdelaunay.com\/index.php\/wp-json\/wp\/v2\/pages\/32","targetHints":{"allow":["GET"]}}],"collection":[{"href":"https:\/\/champdelaunay.com\/index.php\/wp-json\/wp\/v2\/pages"}],"about":[{"href":"https:\/\/champdelaunay.com\/index.php\/wp-json\/wp\/v2\/types\/page"}],"author":[{"embeddable":true,"href":"https:\/\/champdelaunay.com\/index.php\/wp-json\/wp\/v2\/users\/1"}],"replies":[{"embeddable":true,"href":"https:\/\/champdelaunay.com\/index.php\/wp-json\/wp\/v2\/comments?post=32"}],"version-history":[{"count":39,"href":"https:\/\/champdelaunay.com\/index.php\/wp-json\/wp\/v2\/pages\/32\/revisions"}],"predecessor-version":[{"id":2333,"href":"https:\/\/champdelaunay.com\/index.php\/wp-json\/wp\/v2\/pages\/32\/revisions\/2333"}],"wp:attachment":[{"href":"https:\/\/champdelaunay.com\/index.php\/wp-json\/wp\/v2\/media?parent=32"}],"curies":[{"name":"wp","href":"https:\/\/api.w.org\/{rel}","templated":true}]}}