{"id":30,"date":"2020-01-23T17:45:40","date_gmt":"2020-01-23T16:45:40","guid":{"rendered":"http:\/\/champdelaunay.com\/?page_id=30"},"modified":"2025-02-11T15:00:19","modified_gmt":"2025-02-11T14:00:19","slug":"la-grange","status":"publish","type":"page","link":"https:\/\/champdelaunay.com\/index.php\/la-grange\/","title":{"rendered":"La Grange"},"content":{"rendered":"<div class=\"wp-block-image\">\n<figure class=\"aligncenter size-large\"><img loading=\"lazy\" decoding=\"async\" width=\"1017\" height=\"160\" src=\"https:\/\/champdelaunay.com\/wp-content\/uploads\/2021\/12\/GRANGE-1.jpg\" alt=\"\" class=\"wp-image-1976\" srcset=\"https:\/\/champdelaunay.com\/wp-content\/uploads\/2021\/12\/GRANGE-1.jpg 1017w, https:\/\/champdelaunay.com\/wp-content\/uploads\/2021\/12\/GRANGE-1-300x47.jpg 300w, https:\/\/champdelaunay.com\/wp-content\/uploads\/2021\/12\/GRANGE-1-768x121.jpg 768w\" sizes=\"auto, (max-width: 1017px) 100vw, 1017px\" \/><\/figure>\n<\/div>\n\n\n<div class=\"wp-block-columns has-2-columns is-layout-flex wp-container-core-columns-is-layout-9d6595d7 wp-block-columns-is-layout-flex\">\n<div class=\"wp-block-column is-layout-flow wp-block-column-is-layout-flow\">\n<h1 class=\"wp-block-heading\">La Grange<\/h1>\n\n\n\n<p class=\"has-text-align-left\">Dans une ambiance <em>Campagne chic<\/em> , <em>Po\u00e9tique<\/em>, <em>Champ\u00eatre, Green friendly, R\u00e9tro guiguette, Romantique, Ultra-chic<\/em> ou un peu de tout cela \u00e0 la fois &#8230; <\/p>\n\n\n\n<p>Le domaine vous offre une pl\u00e9iade de possibilit\u00e9s pour un mariage unique !<\/p>\n\n\n\n<p class=\"has-text-align-left\">Situ\u00e9 au milieu d&rsquo;un <a href=\"http:\/\/champdelaunay.com\/index.php\/le-verger\/\">verger<\/a> de 4 hectares, la Grange avec sa majestueuse sous toiture apparente, ses jolis colombages et son \u00e9clairage volontairement intimiste, vous plonge instantan\u00e9ment dans un d\u00e9cor enchanteur &#8230;<\/p>\n\n\n\n<p>Sa grande terrasse en bois, orient\u00e9e id\u00e9alement sud-ouest, est la promesse d&rsquo;une magnifique lumi\u00e8re tardive pour votre d\u00e9but de soir\u00e9e. Elle est tr\u00e8s appr\u00e9ci\u00e9e des photographes qui ne manqueront pas de vous proposer des clich\u00e9s rares et pr\u00e9cieux, avant le coucher de soleil &#8230;<\/p>\n\n\n\n<p>L&rsquo;ambiance du domaine offre naturellement un d\u00e9cor champ\u00eatre, avec ses vieux murs, ses portes anciennes, son magnifique saule pleureur, ses herbages ou encore ses roulottes.<\/p>\n\n\n<div class=\"wp-block-image\">\n<figure class=\"aligncenter is-resized\"><img loading=\"lazy\" decoding=\"async\" src=\"http:\/\/champdelaunay.com\/wp-content\/uploads\/2020\/02\/separation3.png\" alt=\"\" class=\"wp-image-592\" width=\"242\" height=\"53\"\/><\/figure>\n<\/div>\n\n\n<p>Le Champ Delaunay a su conserv\u00e9 son c\u00f4t\u00e9 naturel, donnant au lieu cette sensation rassurante, de \u00a0\u00bb toujours avoir \u00e9t\u00e9 l\u00e0 \u00ab\u00a0. Et notre volont\u00e9 est de respecter autant que possible ce paysage, en apportant confort, tout en veillant \u00e0 ne pas l&rsquo;artificialiser.<\/p>\n\n\n\n<p><\/p>\n\n\n\n<p>Vous choisissez en toute libert\u00e9 vos prestataires parce que nous estimons important que ce grand moment vous ressemble.<\/p>\n\n\n\n<p>Nous pouvons vous conseiller, vous accompagner, vous rassurer, sur vos choix, si c&rsquo;est votre volont\u00e9 et vous partager notre pr\u00e9cieux carnet d&rsquo;adresses.<\/p>\n\n\n\n<p>Alors peut-\u00eatre que comme de nombreux mari\u00e9s, qui nous expriment encore aujourd&rsquo;hui, leur bonheur de s&rsquo;\u00eatre uni au milieu de cette petite bulle de nature, vous aurez la chance de faire parti, de ces quelques privil\u00e9gi\u00e9s &#8230;<\/p>\n\n\n\n<p><\/p>\n\n\n<div class=\"wp-block-image\">\n<figure class=\"aligncenter size-large\"><img loading=\"lazy\" decoding=\"async\" width=\"84\" height=\"58\" src=\"http:\/\/champdelaunay.com\/wp-content\/uploads\/2020\/02\/coingauche2.png\" alt=\"\" class=\"wp-image-546\"\/><\/figure>\n<\/div>\n\n\n<script src=\"https:\/\/www.mariages.net\/js\/wp-tours.js?symf-FR48-1-20211202-016_www_m_\"><\/script><div id=\"wp-widget-tours-104629-1985\"><a href=\"https:\/\/www.mariages.net\/domaine-mariage\/champ-delaunay--e104629\/tours\/1985\" target=\"_blank\" rel=\"noopener noreferrer\"><div class=\"weddingwireWidgetVideo3dTour\"><video id=\"vid-104629-1985\" autoplay=\"false\" loop=\"\" muted=\"\"><source src=\"https:\/\/cdn0.mariages.net\/tours\/videos\/1\/9\/8\/5\/1985.mp4\" type=\"video\/mp4\"><\/video><\/div> D\u00e9couvrez notre Visite Virtuelle <\/a><\/div><script>wpShowTour(1985, 'wp-widget-tours-104629-1985');<\/script>\n\n\n<style>#sp-wp-carousel-free-id-419.sp-wpcp-419 .wpcp-single-item {\n\t\tborder: 1px solid #2d6000;\n\t}\n\t#sp-wp-carousel-free-id-419.sp-wpcp-419 .slick-prev,\n\t#sp-wp-carousel-free-id-419.sp-wpcp-419 .slick-next,\n\t#sp-wp-carousel-free-id-419.sp-wpcp-419 .slick-prev:hover,\n\t#sp-wp-carousel-free-id-419.sp-wpcp-419 .slick-next:hover {\n\t\tbackground: none;\n\t\tborder: none;\n\t\tfont-size: 30px;\n\t}\n\t#sp-wp-carousel-free-id-419.sp-wpcp-419 .slick-prev i,\n\t#sp-wp-carousel-free-id-419.sp-wpcp-419 .slick-next i {\n\t\tcolor: #155b30;\n\t}\n\t#sp-wp-carousel-free-id-419.sp-wpcp-419 .slick-prev i:hover,\n\t#sp-wp-carousel-free-id-419.sp-wpcp-419 .slick-next i:hover {\n\t\tcolor: #20b242;\n\t}\n\t#sp-wp-carousel-free-id-419.sp-wpcp-419 ul.slick-dots li button {\n\t\tbackground-color: #cccccc;\n\t}\n\t#sp-wp-carousel-free-id-419.sp-wpcp-419 ul.slick-dots li.slick-active button {\n\t\tbackground-color: #214913;\n\t}\n\t\n\t\t.wpcp-carousel-wrapper.wpcp-wrapper-419{\n\t\t\tposition: relative;\n\t\t}\n\t\t#sp-wp-carousel-free-id-419{\n\t\t\topacity: 0;\n\t\t}\n\t\t#wpcp-preloader-419{\n\t\t\tposition: absolute;\n\t\t\tleft: 0;\n\t\t\ttop: 0;\n\t\t\theight: 100%;\n\t\t\twidth: 100%;\n\t\t\ttext-align: center;\n\t\t\tdisplay: flex;\n\t\t\talign-items: center;\n\t\t\tjustify-content: center;\n\t\t}\n\t\t\n\t@media screen and (max-width: 479px) {\n\t\t#sp-wp-carousel-free-id-419.nav-vertical-center {\n\t\t\tpadding: 0;\n\t\t}\n\t}<\/style><div class=\"wpcp-carousel-wrapper wpcp-wrapper-419\"><div id=\"wpcp-preloader-419\" class=\"wpcp-carousel-preloader\"><img decoding=\"async\" src=\" https:\/\/champdelaunay.com\/wp-content\/plugins\/wp-carousel-free\/public\/css\/ajax-loader.gif \"\/><\/div><div id=\"sp-wp-carousel-free-id-419\" class=\"wpcp-carousel-section sp-wpcp-419 nav-vertical-center wpcp-image-carousel wpcp-preloader wpcp-standard\" data-slick='{ \"accessibility\":true, \"arrows\":true, \"autoplay\":true, \"autoplaySpeed\":3000, \"dots\":true, \"infinite\":true, \"speed\":600, \"pauseOnHover\":true, \"slidesToShow\":1, \"responsive\":[ { \"breakpoint\":1200, \"settings\": { \"slidesToShow\":1 } }, { \"breakpoint\":980, \"settings\":{ \"slidesToShow\":1 } }, { \"breakpoint\":736, \"settings\": { \"slidesToShow\":1 } }, {\"breakpoint\":480, \"settings\":{ \"slidesToShow\":1, \"arrows\": false, \"dots\": true } } ], \"swipe\": true, \"swipeToSlide\": true, \"draggable\": true }'  dir=\"ltr\"><div class=\"wpcp-single-item\"><div class=\"wpcp-slide-image\"><img loading=\"lazy\" decoding=\"async\" src=\"https:\/\/champdelaunay.com\/wp-content\/uploads\/2020\/11\/3-768x460.jpg\" alt=\"3\" width=\"768\" height=\"460\"><\/div><\/div><div class=\"wpcp-single-item\"><div class=\"wpcp-slide-image\"><img loading=\"lazy\" decoding=\"async\" src=\"https:\/\/champdelaunay.com\/wp-content\/uploads\/2020\/11\/4-768x460.jpg\" alt=\"4\" width=\"768\" height=\"460\"><\/div><\/div><div class=\"wpcp-single-item\"><div class=\"wpcp-slide-image\"><img loading=\"lazy\" decoding=\"async\" src=\"https:\/\/champdelaunay.com\/wp-content\/uploads\/2020\/11\/33-768x511.jpg\" alt=\"33\" width=\"768\" height=\"511\"><\/div><\/div><div class=\"wpcp-single-item\"><div class=\"wpcp-slide-image\"><img loading=\"lazy\" decoding=\"async\" src=\"https:\/\/champdelaunay.com\/wp-content\/uploads\/2020\/11\/37-768x512.jpg\" alt=\"37\" width=\"768\" height=\"512\"><\/div><\/div><div class=\"wpcp-single-item\"><div class=\"wpcp-slide-image\"><img loading=\"lazy\" decoding=\"async\" src=\"https:\/\/champdelaunay.com\/wp-content\/uploads\/2020\/11\/40.jpg\" alt=\"40\" width=\"359\" height=\"540\"><\/div><\/div><div class=\"wpcp-single-item\"><div class=\"wpcp-slide-image\"><img loading=\"lazy\" decoding=\"async\" src=\"https:\/\/champdelaunay.com\/wp-content\/uploads\/2020\/11\/34.jpg\" alt=\"34\" width=\"756\" height=\"540\"><\/div><\/div><div class=\"wpcp-single-item\"><div class=\"wpcp-slide-image\"><img loading=\"lazy\" decoding=\"async\" src=\"https:\/\/champdelaunay.com\/wp-content\/uploads\/2020\/02\/00013-768x549.jpg\" alt=\"00013\" width=\"768\" height=\"549\"><\/div><\/div><\/div><\/div>\n\n\n\n<p> <\/p>\n\n\n\n<h3 class=\"titre3 wp-block-heading\">Infos Pratiques<\/h3>\n\n\n\n<ul class=\"wp-block-list\">\n<li>Jusqu&rsquo;\u00e0 150 pers. assises et 320 debout<\/li>\n\n\n\n<li>Surface : 260 m\u00b2<\/li>\n\n\n\n<li>Une mezzanine de 20 m\u00b2<\/li>\n\n\n\n<li>Une terrasse de 150 m\u00b2 <\/li>\n\n\n\n<li>Bloc sanitaire<\/li>\n\n\n\n<li>Office traiteur de r\u00e9chauffage<\/li>\n\n\n\n<li>Mobilier d&rsquo;int\u00e9rieur et d&rsquo;ext\u00e9rieur inclus<\/li>\n\n\n\n<li>La Grange est chauff\u00e9e<\/li>\n\n\n\n<li>Accessible aux Pers. \u00e0 Mobilit\u00e9 R\u00e9duite<\/li>\n\n\n\n<li>Parking priv\u00e9 pour 120 voitures<\/li>\n<\/ul>\n<\/div>\n<\/div>\n","protected":false},"excerpt":{"rendered":"<p>La Grange Dans une ambiance Campagne chic , Po\u00e9tique, Champ\u00eatre, Green friendly, R\u00e9tro guiguette, Romantique, Ultra-chic ou un peu de tout cela \u00e0 la fois &#8230; Le domaine vous offre une pl\u00e9iade de possibilit\u00e9s pour un mariage unique ! Situ\u00e9 au milieu d&rsquo;un verger de 4 hectares, la Grange avec sa majestueuse sous toiture apparente, &#8230; <a title=\"La Grange\" class=\"read-more\" href=\"https:\/\/champdelaunay.com\/index.php\/la-grange\/\">Lire la suite <span class=\"screen-reader-text\">La Grange<\/span><\/a><\/p>\n","protected":false},"author":1,"featured_media":0,"parent":0,"menu_order":0,"comment_status":"closed","ping_status":"closed","template":"","meta":{"ngg_post_thumbnail":0,"footnotes":""},"class_list":["post-30","page","type-page","status-publish"],"_links":{"self":[{"href":"https:\/\/champdelaunay.com\/index.php\/wp-json\/wp\/v2\/pages\/30","targetHints":{"allow":["GET"]}}],"collection":[{"href":"https:\/\/champdelaunay.com\/index.php\/wp-json\/wp\/v2\/pages"}],"about":[{"href":"https:\/\/champdelaunay.com\/index.php\/wp-json\/wp\/v2\/types\/page"}],"author":[{"embeddable":true,"href":"https:\/\/champdelaunay.com\/index.php\/wp-json\/wp\/v2\/users\/1"}],"replies":[{"embeddable":true,"href":"https:\/\/champdelaunay.com\/index.php\/wp-json\/wp\/v2\/comments?post=30"}],"version-history":[{"count":103,"href":"https:\/\/champdelaunay.com\/index.php\/wp-json\/wp\/v2\/pages\/30\/revisions"}],"predecessor-version":[{"id":2406,"href":"https:\/\/champdelaunay.com\/index.php\/wp-json\/wp\/v2\/pages\/30\/revisions\/2406"}],"wp:attachment":[{"href":"https:\/\/champdelaunay.com\/index.php\/wp-json\/wp\/v2\/media?parent=30"}],"curies":[{"name":"wp","href":"https:\/\/api.w.org\/{rel}","templated":true}]}}