{"id":26,"date":"2020-01-23T17:43:16","date_gmt":"2020-01-23T16:43:16","guid":{"rendered":"http:\/\/champdelaunay.com\/?page_id=26"},"modified":"2025-01-07T16:20:59","modified_gmt":"2025-01-07T15:20:59","slug":"les-roulottes","status":"publish","type":"page","link":"https:\/\/champdelaunay.com\/index.php\/les-roulottes\/","title":{"rendered":"Les roulottes"},"content":{"rendered":"<div class=\"wp-block-image\">\n<figure class=\"aligncenter\"><img loading=\"lazy\" decoding=\"async\" width=\"1022\" height=\"160\" src=\"http:\/\/champdelaunay.com\/wp-content\/uploads\/2020\/02\/top-hebergement2.jpg\" alt=\"\" class=\"wp-image-601\" srcset=\"https:\/\/champdelaunay.com\/wp-content\/uploads\/2020\/02\/top-hebergement2.jpg 1022w, https:\/\/champdelaunay.com\/wp-content\/uploads\/2020\/02\/top-hebergement2-300x47.jpg 300w, https:\/\/champdelaunay.com\/wp-content\/uploads\/2020\/02\/top-hebergement2-768x120.jpg 768w\" sizes=\"auto, (max-width: 1022px) 100vw, 1022px\" \/><\/figure>\n<\/div>\n\n\n<div class=\"wp-block-columns is-layout-flex wp-container-core-columns-is-layout-9d6595d7 wp-block-columns-is-layout-flex\">\n<div class=\"wp-block-column is-layout-flow wp-block-column-is-layout-flow\">\n<h1 class=\"wp-block-heading\">Les roulottes &#8230;<\/h1>\n\n\n\n<p>Pour ne pas rompre le charme au petit matin, apr\u00e8s les derniers tours de piste, les jeunes mari\u00e9s ou proches, ont la possibilit\u00e9 de passer la nuit dans une authentique roulotte, la \u00ab\u00a0<em>Royal Gala<\/em>\u00a0\u00bb ou peut-\u00eatre la \u00ab\u00a0<em>Pink Lady<\/em>\u00a0\u00bb ?<\/p>\n\n\n\n<p><\/p>\n\n\n\n<p>Ce qui est certain, c&rsquo;est que votre photographe ne manquera pas l&rsquo;occasion de capturer quelques jolis moments, dans ce cadre unique, qu&rsquo;offrent ces roulottes &#8230;<\/p>\n\n\n\n<p>Toutes deux sont compos\u00e9es d&rsquo;un lit double et de leur propre salle de douche \/ WC (avec chauffage).<\/p>\n\n\n\n<p>Le linge de lit est fourni et les lits sont faits.<\/p>\n\n\n\n<p>Vous souhaitez d\u00e9couvrir l&rsquo;agencement particulier de ces int\u00e9rieurs insolites, alors contactez-nous &#8230;<\/p>\n\n\n\n<p><\/p>\n\n\n\n<p><\/p>\n\n\n<style>#sp-wp-carousel-free-id-1119.sp-wpcp-1119 .wpcp-single-item {\n\t\tborder: 1px solid #1e632c;\n\t}\n\t#sp-wp-carousel-free-id-1119.sp-wpcp-1119 .slick-prev,\n\t#sp-wp-carousel-free-id-1119.sp-wpcp-1119 .slick-next,\n\t#sp-wp-carousel-free-id-1119.sp-wpcp-1119 .slick-prev:hover,\n\t#sp-wp-carousel-free-id-1119.sp-wpcp-1119 .slick-next:hover {\n\t\tbackground: none;\n\t\tborder: none;\n\t\tfont-size: 30px;\n\t}\n\t#sp-wp-carousel-free-id-1119.sp-wpcp-1119 .slick-prev i,\n\t#sp-wp-carousel-free-id-1119.sp-wpcp-1119 .slick-next i {\n\t\tcolor: #aaa;\n\t}\n\t#sp-wp-carousel-free-id-1119.sp-wpcp-1119 .slick-prev i:hover,\n\t#sp-wp-carousel-free-id-1119.sp-wpcp-1119 .slick-next i:hover {\n\t\tcolor: #1e722a;\n\t}\n\t#sp-wp-carousel-free-id-1119.sp-wpcp-1119 ul.slick-dots li button {\n\t\tbackground-color: #cccccc;\n\t}\n\t#sp-wp-carousel-free-id-1119.sp-wpcp-1119 ul.slick-dots li.slick-active button {\n\t\tbackground-color: #205632;\n\t}\n\t\n\t\t.wpcp-carousel-wrapper.wpcp-wrapper-1119{\n\t\t\tposition: relative;\n\t\t}\n\t\t#sp-wp-carousel-free-id-1119{\n\t\t\topacity: 0;\n\t\t}\n\t\t#wpcp-preloader-1119{\n\t\t\tposition: absolute;\n\t\t\tleft: 0;\n\t\t\ttop: 0;\n\t\t\theight: 100%;\n\t\t\twidth: 100%;\n\t\t\ttext-align: center;\n\t\t\tdisplay: flex;\n\t\t\talign-items: center;\n\t\t\tjustify-content: center;\n\t\t}\n\t\t\n\t@media screen and (max-width: 479px) {\n\t\t#sp-wp-carousel-free-id-1119.nav-vertical-center {\n\t\t\tpadding: 0;\n\t\t}\n\t}<\/style><div class=\"wpcp-carousel-wrapper wpcp-wrapper-1119\"><div id=\"wpcp-preloader-1119\" class=\"wpcp-carousel-preloader\"><img decoding=\"async\" src=\" https:\/\/champdelaunay.com\/wp-content\/plugins\/wp-carousel-free\/public\/css\/ajax-loader.gif \"\/><\/div><div id=\"sp-wp-carousel-free-id-1119\" class=\"wpcp-carousel-section sp-wpcp-1119 nav-vertical-center wpcp-image-carousel wpcp-preloader wpcp-standard\" data-slick='{ \"accessibility\":true, \"arrows\":true, \"autoplay\":true, \"autoplaySpeed\":3000, \"dots\":true, \"infinite\":true, \"speed\":600, \"pauseOnHover\":true, \"slidesToShow\":1, \"responsive\":[ { \"breakpoint\":1200, \"settings\": { \"slidesToShow\":1 } }, { \"breakpoint\":980, \"settings\":{ \"slidesToShow\":1 } }, { \"breakpoint\":736, \"settings\": { \"slidesToShow\":1 } }, {\"breakpoint\":480, \"settings\":{ \"slidesToShow\":1, \"arrows\": false, \"dots\": true } } ], \"swipe\": true, \"swipeToSlide\": true, \"draggable\": true }'  dir=\"ltr\"><div class=\"wpcp-single-item\"><div class=\"wpcp-slide-image\"><img loading=\"lazy\" decoding=\"async\" src=\"https:\/\/champdelaunay.com\/wp-content\/uploads\/2022\/06\/20210709_202918-768x576.jpg\" alt=\"20210709_202918\" width=\"768\" height=\"576\"><\/div><\/div><\/div><\/div>\n\n\n\n<p><\/p>\n<\/div>\n<\/div>\n\n\n\n<iframe loading=\"lazy\" id=\"visite\" title=\"Visite virtuelle\" src=\"\/visite\/panoramic.php?firstScene=roulotte\" style=\"padding:0;margin:0\" width=\"100%\" height=\"450px\">\n<\/iframe>\n","protected":false},"excerpt":{"rendered":"<p>Les roulottes &#8230; Pour ne pas rompre le charme au petit matin, apr\u00e8s les derniers tours de piste, les jeunes mari\u00e9s ou proches, ont la possibilit\u00e9 de passer la nuit dans une authentique roulotte, la \u00ab\u00a0Royal Gala\u00a0\u00bb ou peut-\u00eatre la \u00ab\u00a0Pink Lady\u00a0\u00bb ? Ce qui est certain, c&rsquo;est que votre photographe ne manquera pas l&rsquo;occasion &#8230; <a title=\"Les roulottes\" class=\"read-more\" href=\"https:\/\/champdelaunay.com\/index.php\/les-roulottes\/\">Lire la suite <span class=\"screen-reader-text\">Les roulottes<\/span><\/a><\/p>\n","protected":false},"author":1,"featured_media":0,"parent":0,"menu_order":0,"comment_status":"closed","ping_status":"closed","template":"","meta":{"ngg_post_thumbnail":0,"footnotes":""},"class_list":["post-26","page","type-page","status-publish"],"_links":{"self":[{"href":"https:\/\/champdelaunay.com\/index.php\/wp-json\/wp\/v2\/pages\/26","targetHints":{"allow":["GET"]}}],"collection":[{"href":"https:\/\/champdelaunay.com\/index.php\/wp-json\/wp\/v2\/pages"}],"about":[{"href":"https:\/\/champdelaunay.com\/index.php\/wp-json\/wp\/v2\/types\/page"}],"author":[{"embeddable":true,"href":"https:\/\/champdelaunay.com\/index.php\/wp-json\/wp\/v2\/users\/1"}],"replies":[{"embeddable":true,"href":"https:\/\/champdelaunay.com\/index.php\/wp-json\/wp\/v2\/comments?post=26"}],"version-history":[{"count":21,"href":"https:\/\/champdelaunay.com\/index.php\/wp-json\/wp\/v2\/pages\/26\/revisions"}],"predecessor-version":[{"id":2366,"href":"https:\/\/champdelaunay.com\/index.php\/wp-json\/wp\/v2\/pages\/26\/revisions\/2366"}],"wp:attachment":[{"href":"https:\/\/champdelaunay.com\/index.php\/wp-json\/wp\/v2\/media?parent=26"}],"curies":[{"name":"wp","href":"https:\/\/api.w.org\/{rel}","templated":true}]}}