{"id":24,"date":"2020-01-23T17:42:46","date_gmt":"2020-01-23T16:42:46","guid":{"rendered":"http:\/\/champdelaunay.com\/?page_id=24"},"modified":"2025-01-07T15:50:05","modified_gmt":"2025-01-07T14:50:05","slug":"le-logis-pomme","status":"publish","type":"page","link":"https:\/\/champdelaunay.com\/index.php\/le-logis-pomme\/","title":{"rendered":"Le Pressoir"},"content":{"rendered":"<div class=\"wp-block-image\">\n<figure class=\"aligncenter size-large\"><img loading=\"lazy\" decoding=\"async\" width=\"1018\" height=\"164\" src=\"https:\/\/champdelaunay.com\/wp-content\/uploads\/2021\/12\/grange.jpg\" alt=\"\" class=\"wp-image-1969\" srcset=\"https:\/\/champdelaunay.com\/wp-content\/uploads\/2021\/12\/grange.jpg 1018w, https:\/\/champdelaunay.com\/wp-content\/uploads\/2021\/12\/grange-300x48.jpg 300w, https:\/\/champdelaunay.com\/wp-content\/uploads\/2021\/12\/grange-768x124.jpg 768w\" sizes=\"auto, (max-width: 1018px) 100vw, 1018px\" \/><\/figure>\n<\/div>\n\n\n<div class=\"wp-block-columns is-layout-flex wp-container-core-columns-is-layout-9d6595d7 wp-block-columns-is-layout-flex\">\n<div class=\"wp-block-column is-layout-flow wp-block-column-is-layout-flow\">\n<h1 class=\"wp-block-heading\">A l&rsquo;\u00e9tage du Pressoir &#8230;<\/h1>\n\n\n\n<p>14 couchages dont :<\/p>\n\n\n\n<p>Le logis <em>Pomme<\/em> pour 8 personnes, dans une ambiance chaleureuse avec ses colombages, poutres apparentes et son parquet, est accessible \u00e0 l\u2019\u00e9tage du Pressoir, compos\u00e9 de 2 lits doubles et 1 lit simple et en mezzanine un lit double et un lit simple. Ce petit logement est \u00e9quip\u00e9 d\u2019une salle de douche avec vasque et un WC.<\/p>\n\n\n\n<p><\/p>\n\n\n\n<p>Au m\u00eame niveau :<\/p>\n\n\n\n<p>La chambre \u00ab\u00a0<em>Chanteclerc<\/em>\u00a0\u00bb pour 3 personnes, avec un lit double et un lit d&rsquo;appoint, parquet, poutres apparentes, une salle de douche avec vasque et WC.<\/p>\n\n\n\n<p>La chambre \u00ab\u00a0<em>Elstar<\/em>\u00a0\u00bb pour 3 personnes, avec un lit double et un lit d&rsquo;appoint, parquet, poutres apparentes, une salle de douche avec vasque et WC.<\/p>\n\n\n\n<p>Le linge de lit est fourni et les lits sont faits dans tous nos h\u00e9bergements.<\/p>\n\n\n\n<p>Vous souhaitez d\u00e9couvrir l&rsquo;ambiance particuli\u00e8rement chaleureuse de ces h\u00e9bergements, alors contactez-nous afin que nous programmions ensemble une visite.  <\/p>\n\n\n\n<p><\/p>\n\n\n\n<p><\/p>\n\n\n\n<p><\/p>\n<\/div>\n\n\n\n<div class=\"wp-block-column is-layout-flow wp-block-column-is-layout-flow\"><style>#sp-wp-carousel-free-id-1117.sp-wpcp-1117 .wpcp-single-item {\n\t\tborder: 1px solid #247529;\n\t}\n\t#sp-wp-carousel-free-id-1117.sp-wpcp-1117 .slick-prev,\n\t#sp-wp-carousel-free-id-1117.sp-wpcp-1117 .slick-next,\n\t#sp-wp-carousel-free-id-1117.sp-wpcp-1117 .slick-prev:hover,\n\t#sp-wp-carousel-free-id-1117.sp-wpcp-1117 .slick-next:hover {\n\t\tbackground: none;\n\t\tborder: none;\n\t\tfont-size: 30px;\n\t}\n\t#sp-wp-carousel-free-id-1117.sp-wpcp-1117 .slick-prev i,\n\t#sp-wp-carousel-free-id-1117.sp-wpcp-1117 .slick-next i {\n\t\tcolor: #aaa;\n\t}\n\t#sp-wp-carousel-free-id-1117.sp-wpcp-1117 .slick-prev i:hover,\n\t#sp-wp-carousel-free-id-1117.sp-wpcp-1117 .slick-next i:hover {\n\t\tcolor: #2a702f;\n\t}\n\t#sp-wp-carousel-free-id-1117.sp-wpcp-1117 ul.slick-dots li button {\n\t\tbackground-color: #cccccc;\n\t}\n\t#sp-wp-carousel-free-id-1117.sp-wpcp-1117 ul.slick-dots li.slick-active button {\n\t\tbackground-color: #25632b;\n\t}\n\t\n\t\t.wpcp-carousel-wrapper.wpcp-wrapper-1117{\n\t\t\tposition: relative;\n\t\t}\n\t\t#sp-wp-carousel-free-id-1117{\n\t\t\topacity: 0;\n\t\t}\n\t\t#wpcp-preloader-1117{\n\t\t\tposition: absolute;\n\t\t\tleft: 0;\n\t\t\ttop: 0;\n\t\t\theight: 100%;\n\t\t\twidth: 100%;\n\t\t\ttext-align: center;\n\t\t\tdisplay: flex;\n\t\t\talign-items: center;\n\t\t\tjustify-content: center;\n\t\t}\n\t\t\n\t@media screen and (max-width: 479px) {\n\t\t#sp-wp-carousel-free-id-1117.nav-vertical-center {\n\t\t\tpadding: 0;\n\t\t}\n\t}<\/style><div class=\"wpcp-carousel-wrapper wpcp-wrapper-1117\"><div id=\"wpcp-preloader-1117\" class=\"wpcp-carousel-preloader\"><img decoding=\"async\" src=\" https:\/\/champdelaunay.com\/wp-content\/plugins\/wp-carousel-free\/public\/css\/ajax-loader.gif \"\/><\/div><div id=\"sp-wp-carousel-free-id-1117\" class=\"wpcp-carousel-section sp-wpcp-1117 nav-vertical-center wpcp-image-carousel wpcp-preloader wpcp-standard\" data-slick='{ \"accessibility\":true, \"arrows\":true, \"autoplay\":true, \"autoplaySpeed\":3000, \"dots\":true, \"infinite\":true, \"speed\":600, \"pauseOnHover\":true, \"slidesToShow\":1, \"responsive\":[ { \"breakpoint\":1200, \"settings\": { \"slidesToShow\":1 } }, { \"breakpoint\":980, \"settings\":{ \"slidesToShow\":1 } }, { \"breakpoint\":736, \"settings\": { \"slidesToShow\":1 } }, {\"breakpoint\":480, \"settings\":{ \"slidesToShow\":1, \"arrows\": false, \"dots\": true } } ], \"swipe\": true, \"swipeToSlide\": true, \"draggable\": true }'  dir=\"ltr\"><div class=\"wpcp-single-item\"><div class=\"wpcp-slide-image\"><img loading=\"lazy\" decoding=\"async\" src=\"https:\/\/champdelaunay.com\/wp-content\/uploads\/2022\/06\/001-scaled.jpg\" alt=\"001\" width=\"2560\" height=\"1920\"><\/div><\/div><div class=\"wpcp-single-item\"><div class=\"wpcp-slide-image\"><img loading=\"lazy\" decoding=\"async\" src=\"https:\/\/champdelaunay.com\/wp-content\/uploads\/2022\/06\/1-scaled.jpg\" alt=\"1\" width=\"2560\" height=\"1920\"><\/div><\/div><\/div><\/div>\n<\/div>\n<\/div>\n\n\n\n<p><\/p>\n","protected":false},"excerpt":{"rendered":"<p>A l&rsquo;\u00e9tage du Pressoir &#8230; 14 couchages dont : Le logis Pomme pour 8 personnes, dans une ambiance chaleureuse avec ses colombages, poutres apparentes et son parquet, est accessible \u00e0 l\u2019\u00e9tage du Pressoir, compos\u00e9 de 2 lits doubles et 1 lit simple et en mezzanine un lit double et un lit simple. Ce petit logement &#8230; <a title=\"Le Pressoir\" class=\"read-more\" href=\"https:\/\/champdelaunay.com\/index.php\/le-logis-pomme\/\">Lire la suite <span class=\"screen-reader-text\">Le Pressoir<\/span><\/a><\/p>\n","protected":false},"author":1,"featured_media":0,"parent":0,"menu_order":0,"comment_status":"closed","ping_status":"closed","template":"","meta":{"ngg_post_thumbnail":0,"footnotes":""},"class_list":["post-24","page","type-page","status-publish"],"_links":{"self":[{"href":"https:\/\/champdelaunay.com\/index.php\/wp-json\/wp\/v2\/pages\/24","targetHints":{"allow":["GET"]}}],"collection":[{"href":"https:\/\/champdelaunay.com\/index.php\/wp-json\/wp\/v2\/pages"}],"about":[{"href":"https:\/\/champdelaunay.com\/index.php\/wp-json\/wp\/v2\/types\/page"}],"author":[{"embeddable":true,"href":"https:\/\/champdelaunay.com\/index.php\/wp-json\/wp\/v2\/users\/1"}],"replies":[{"embeddable":true,"href":"https:\/\/champdelaunay.com\/index.php\/wp-json\/wp\/v2\/comments?post=24"}],"version-history":[{"count":18,"href":"https:\/\/champdelaunay.com\/index.php\/wp-json\/wp\/v2\/pages\/24\/revisions"}],"predecessor-version":[{"id":2360,"href":"https:\/\/champdelaunay.com\/index.php\/wp-json\/wp\/v2\/pages\/24\/revisions\/2360"}],"wp:attachment":[{"href":"https:\/\/champdelaunay.com\/index.php\/wp-json\/wp\/v2\/media?parent=24"}],"curies":[{"name":"wp","href":"https:\/\/api.w.org\/{rel}","templated":true}]}}