{"id":1674,"date":"2020-12-12T15:42:49","date_gmt":"2020-12-12T14:42:49","guid":{"rendered":"http:\/\/champdelaunay.com\/?page_id=1674"},"modified":"2026-01-01T17:05:48","modified_gmt":"2026-01-01T16:05:48","slug":"mentions-legales","status":"publish","type":"page","link":"https:\/\/champdelaunay.com\/index.php\/mentions-legales\/","title":{"rendered":"Mentions l\u00e9gales"},"content":{"rendered":"\n<figure class=\"wp-block-image size-large is-style-default\"><img loading=\"lazy\" decoding=\"async\" width=\"1017\" height=\"160\" src=\"http:\/\/champdelaunay.com\/wp-content\/uploads\/2020\/12\/top-contact3.jpg\" alt=\"\" class=\"wp-image-1678\" srcset=\"https:\/\/champdelaunay.com\/wp-content\/uploads\/2020\/12\/top-contact3.jpg 1017w, https:\/\/champdelaunay.com\/wp-content\/uploads\/2020\/12\/top-contact3-300x47.jpg 300w, https:\/\/champdelaunay.com\/wp-content\/uploads\/2020\/12\/top-contact3-768x121.jpg 768w\" sizes=\"auto, (max-width: 1017px) 100vw, 1017px\" \/><\/figure>\n\n\n\n<h1 class=\"wp-block-heading\">Mentions l\u00e9gales<\/h1>\n\n\n\n<p><em>En vigueur au 12\/12\/2020<\/em><\/p>\n\n\n\n<p><\/p>\n\n\n\n<p>Conform\u00e9ment aux dispositions des Articles 6-III et 19 de la Loi n\u00b02004-575 du 21 juin 2004 pour la Confiance dans l\u2019\u00e9conomie num\u00e9rique, dite L.C.E.N., il est port\u00e9 \u00e0 la connaissance des Utilisateurs du site <em>http:\/\/champdelaunay.com <\/em>les pr\u00e9sentes mentions l\u00e9gales.<\/p>\n\n\n\n<p>La connexion et la navigation sur le site <a href=\"http:\/\/champdelaunay.com\">http:\/\/champdelaunay.com<\/a> par l\u2019Utilisateur implique acceptation int\u00e9grale et sans r\u00e9serve des pr\u00e9sentes mentions l\u00e9gales.<\/p>\n\n\n\n<h1 class=\"wp-block-heading\">ARTICLE 1 : L\u2019\u00e9diteur<\/h1>\n\n\n\n<p>L&rsquo;\u00e9dition du site http:\/\/champdelaunay.com est assur\u00e9e par la Soci\u00e9t\u00e9 SARL AUDA DEVELOPPEMENT au capital de 50 000 euros, immatricul\u00e9e au RCS de Caen, sous le num\u00e9ro 521 736 835, dont le si\u00e8ge social est situ\u00e9 au 15 avenue de Rouen \u00e0 Merville Franceville 14810, num\u00e9ro de t\u00e9l\u00e9phone 06 52 95 04 09, adresse e-mail : <a href=\"mailto:champdelaunay@gmail.com\">champdelaunay@gmail.com<\/a>.<\/p>\n\n\n\n<p>N\u00b0 de TVA intracommunautaire : 521 736 835 000 21<\/p>\n\n\n\n<p>La Directrice de la publication est Annabel DAVID.<\/p>\n\n\n\n<h1 class=\"wp-block-heading\">ARTICLE 2 : L\u2019h\u00e9bergeur<\/h1>\n\n\n\n<p>L&rsquo;h\u00e9bergeur du site <a href=\"http:\/\/champdelaunay.com\">http:\/\/champdelaunay.com<\/a> est la soci\u00e9t\u00e9 OVH en France, \u00e0 ROUBAIX. <a rel=\"noreferrer noopener\" href=\"https:\/\/www.ovh.com\/fr\/\" target=\"_blank\">https:\/\/www.ovh.com\/fr\/<\/a> <\/p>\n\n\n\n<h1 class=\"wp-block-heading\">ARTICLE 3 : Acc\u00e8s au site<\/h1>\n\n\n\n<p>Le site est accessible par tout endroit, 7j\/7, 24h\/24 sauf cas de force majeure, interruption programm\u00e9e ou non et pouvant d\u00e9couler d\u2019une n\u00e9cessit\u00e9 de maintenance.<\/p>\n\n\n\n<p>En cas de modification, interruption ou suspension des services le site <em>http:\/\/champdelaunay.com <\/em>ne saurait \u00eatre tenu responsable.<\/p>\n\n\n\n<h1 class=\"wp-block-heading\">ARTICLE 4 : Collecte des donn\u00e9es<\/h1>\n\n\n\n<p>Le site est exempt\u00e9 de d\u00e9claration \u00e0 la Commission Nationale Informatique et Libert\u00e9s (CNIL) dans la mesure o\u00f9 il ne collecte aucune donn\u00e9e concernant les utilisateurs.<\/p>\n\n\n\n<h1 class=\"wp-block-heading\">ARTICLE 5 : Cookies<\/h1>\n\n\n\n<p>L\u2019Utilisateur est inform\u00e9 que lors de ses visites sur le site, un cookie peut s\u2019installer automatiquement sur son logiciel de navigation.<\/p>\n\n\n\n<p>En naviguant sur le site, il les accepte.<\/p>\n\n\n\n<p>Un cookie est un \u00e9l\u00e9ment qui ne permet pas d\u2019identifier l\u2019Utilisateur mais sert \u00e0 enregistrer des informations relatives \u00e0 la navigation de celui-ci sur le site Internet. L\u2019Utilisateur pourra d\u00e9sactiver ce cookie par l\u2019interm\u00e9diaire des param\u00e8tres figurant au sein de son logiciel de navigation.<\/p>\n\n\n\n<h1 class=\"wp-block-heading\">ARTICLE 6 : Propri\u00e9t\u00e9 intellectuelle<\/h1>\n\n\n\n<p>Toute utilisation, reproduction, diffusion, commercialisation, modification de toute ou partie du site <em>http:\/\/champdelaunay.com<\/em>,&nbsp; sans autorisation de l\u2019Editeur est prohib\u00e9e et pourra entra\u00eener des actions et poursuites judiciaires telles que notamment pr\u00e9vues par le Code de la propri\u00e9t\u00e9 intellectuelle et le Code civil.<br>Site r\u00e9alis\u00e9 par <a href=\"mailto:ludovic.fagot@wanadoo.fr\">Ludovic Fagot<\/a>. <\/p>\n","protected":false},"excerpt":{"rendered":"<p>Mentions l\u00e9gales En vigueur au 12\/12\/2020 Conform\u00e9ment aux dispositions des Articles 6-III et 19 de la Loi n\u00b02004-575 du 21 juin 2004 pour la Confiance dans l\u2019\u00e9conomie num\u00e9rique, dite L.C.E.N., il est port\u00e9 \u00e0 la connaissance des Utilisateurs du site http:\/\/champdelaunay.com les pr\u00e9sentes mentions l\u00e9gales. La connexion et la navigation sur le site http:\/\/champdelaunay.com par &#8230; <a title=\"Mentions l\u00e9gales\" class=\"read-more\" href=\"https:\/\/champdelaunay.com\/index.php\/mentions-legales\/\">Lire la suite <span class=\"screen-reader-text\">Mentions l\u00e9gales<\/span><\/a><\/p>\n","protected":false},"author":1,"featured_media":0,"parent":0,"menu_order":0,"comment_status":"closed","ping_status":"closed","template":"","meta":{"ngg_post_thumbnail":0,"footnotes":""},"class_list":["post-1674","page","type-page","status-publish"],"_links":{"self":[{"href":"https:\/\/champdelaunay.com\/index.php\/wp-json\/wp\/v2\/pages\/1674","targetHints":{"allow":["GET"]}}],"collection":[{"href":"https:\/\/champdelaunay.com\/index.php\/wp-json\/wp\/v2\/pages"}],"about":[{"href":"https:\/\/champdelaunay.com\/index.php\/wp-json\/wp\/v2\/types\/page"}],"author":[{"embeddable":true,"href":"https:\/\/champdelaunay.com\/index.php\/wp-json\/wp\/v2\/users\/1"}],"replies":[{"embeddable":true,"href":"https:\/\/champdelaunay.com\/index.php\/wp-json\/wp\/v2\/comments?post=1674"}],"version-history":[{"count":8,"href":"https:\/\/champdelaunay.com\/index.php\/wp-json\/wp\/v2\/pages\/1674\/revisions"}],"predecessor-version":[{"id":1801,"href":"https:\/\/champdelaunay.com\/index.php\/wp-json\/wp\/v2\/pages\/1674\/revisions\/1801"}],"wp:attachment":[{"href":"https:\/\/champdelaunay.com\/index.php\/wp-json\/wp\/v2\/media?parent=1674"}],"curies":[{"name":"wp","href":"https:\/\/api.w.org\/{rel}","templated":true}]}}